{"id":22754,"date":"2016-06-04T15:39:39","date_gmt":"2016-06-04T15:39:39","guid":{"rendered":"https:\/\/allafripreneurs.org\/home\/?page_id=22754"},"modified":"2026-03-04T13:43:08","modified_gmt":"2026-03-04T13:43:08","slug":"home","status":"publish","type":"page","link":"https:\/\/allafripreneurs.org\/fr\/","title":{"rendered":"Home"},"content":{"rendered":"\n<p class=\"has-text-align-center\">Bienvenue sur le site web de l&rsquo;Association Africaine des Entrepreneurs. <\/p>\n\n\n\n<p>La vision de l&rsquo;AAE est de devenir le moteur du changement et de fournir une plateforme de dialogue entre les peuples africains ; en outre, l&rsquo;AAE cherche \u00e0 mobiliser la communaut\u00e9 internationale, en l&rsquo;autorisant \u00e0 jouer un r\u00f4le actif dans le soutien aux nations en d\u00e9veloppement pour favoriser leur esprit d&rsquo;entreprise. <a href=\"https:\/\/allafripreneurs.org\/fr\/about\/\">Learn more<\/a>. Rejoignez-nous en tant que : <a href=\"https:\/\/allafripreneurs.org\/fr\/entrepreneur\/\" data-type=\"page\" data-id=\"814374\">Entrepreneur<\/a> | <a href=\"https:\/\/allafripreneurs.org\/fr\/?page_id=816664\" data-type=\"page\" data-id=\"816664\">B\u00e9n\u00e9vole<\/a> | <a href=\"https:\/\/allafripreneurs.org\/fr\/support group leader\" data-type=\"page\" data-id=\"813637\">Chef de groupe de soutien<\/a><\/p>\n\n\n\n<h4 class=\"wp-block-heading has-text-align-center\">Groupes<\/h4>\n\n\n<div class=\"pmagic\">\n    <div class=\"pg-group-box-wrap pg-theme-bg\">\n  <div class=\"pm-group-container pm-dbfl\">\n             <div class=\"pg-group-filters-head pm-dbfl pm-bg\">\n                <div class=\"pg-group-filter-ls pg-members-sortby pm-difl \">\n            <div class=\"pg-sortby-alpha pm-difl\">\n               \n            <span class=\"pg-sort-dropdown pm-border pm-difl\">\n                <select class=\"pg-custom-select\" name=\"group_sort_by\" id=\"group_sort_by\" onchange=\"pm_get_all_groups(1)\">\n                    <option value=\"newest\"  selected='selected'>Newest<\/option>\n                    <option value=\"oldest\" >Oldest<\/option>\n                    <option value=\"name_asc\" >Alphabetical (A-Z)<\/option>\n                    <option value=\"name_desc\" >Alphabetical (Z-A)<\/option>\n                <\/select>\n            <\/span>\n                <\/div>\n            \n        <\/div>\n                  \n        <div class=\"pg-group-filter-rs pm-difr\">\n                       <div class=\"pm-difl pg-members-sortby\">\n                <span class=\"pg-sort-view\">\n                    <span><input type=\"radio\" id=\"pg_grid_view\" name=\"pg_groups_view\" class=\"\" value=\"grid\"  onclick=\"pm_get_all_groups(1)\"\/>\n                    <label for=\"pg_grid_view\" class=\"\"><svg xmlns=\"http:\/\/www.w3.org\/2000\/svg\" width=\"40\" height=\"40\" viewBox=\"0 0 24 24\"><path d=\"M4 11h5V5H4v6zm0 7h5v-6H4v6zm6 0h5v-6h-5v6zm6 0h5v-6h-5v6zm-6-7h5V5h-5v6zm6-6v6h5V5h-5z\"\/><path d=\"M0 0h24v24H0z\" fill=\"none\"\/><\/svg><\/label>\n                    <\/span>\n                    <span> <input type=\"radio\" id=\"pg_list_view\" name=\"pg_groups_view\" class=\"\" value=\"list\"  checked='checked' onclick=\"pm_get_all_groups(1)\" \/>\n                    <label for=\"pg_list_view\" class=\"pg-select-list-view\"><svg xmlns=\"http:\/\/www.w3.org\/2000\/svg\" width=\"40\" height=\"40\" viewBox=\"0 0 24 24\"><path d=\"M4 14h4v-4H4v4zm0 5h4v-4H4v4zM4 9h4V5H4v4zm5 5h12v-4H9v4zm0 5h12v-4H9v4zM9 5v4h12V5H9z\"\/><path d=\"M0 0h24v24H0z\" fill=\"none\"\/><\/svg><\/label>\n                    <\/span>\n                <\/span>\n\n            <\/div>\n                                    <div class=\"pg-group-search pm-difl\"><input type=\"text\" name=\"group_search\" id=\"group_search\" placeholder=\"Rechercher\" onkeyup=\"pm_get_all_groups(1)\"><\/div>\n                    <\/div>\n           \n    <\/div>   \n            \n   <div class=\"pm-all-group-container pm-dbfl pg-groups-cols-3 \" data-pg-groups-limit=\"10\" data-pg-groups-include=\"\" data-pg-groups-exclude=\"\" data-pg-groups-type=\"\" data-pg-groups-paid=\"\" data-pg-groups-view=\"list\" data-pg-groups-sort=\"newest\">\n    \t\t <div class=\"pg-group-card pg-group-card-list pm-group pm-group-list-view pm-dbfl\">\n\t\t\t \t\t\t <div class=\"pg-group-image pm-group-logo pm-difl\">\n\t\t\t\t \t\t\t\t\t <a href=\"https:\/\/allafripreneurs.org\/fr\/registration\/?gid=6\" class=\"pm-group-image-link\"><img loading=\"lazy\" decoding=\"async\" width=\"610\" height=\"641\" src=\"https:\/\/allafripreneurs.org\/fr\/wp-content\/uploads\/sites\/7\/2026\/03\/entrepreneur3.png\" class=\"pg-group-icon\" alt=\"Entrepreneur\" \/><\/a>\n\t\t\t\t \t\t\t\t \t\t\t\t\t <span class=\"pg-group-type material-icons\">lock<\/span>\n\t\t\t\t \t\t\t\t \t\t\t <\/div>\n\t\t\t \t\t\t <div class=\"pg-group-content pm-group-name-desc pm-difl\">\n\t\t\t\t <h3 class=\"pg-group-title pm-group-heading pm-pad10 pm-clip\"><a href=\"https:\/\/allafripreneurs.org\/fr\/entrepreneur\/\">Entrepreneur<\/a><\/h3>\n\t\t\t\t \t\t\t\t\t <p class=\"pg-group-desc pm-group-desc pm-pad10\">Entrepreneurs int\u00e9ress\u00e9s par ou travaillant dans les pays africains<\/p>\n\t\t\t\t \t\t\t\t \t\t\t\t <div class=\"pg-group-meta\">\n\t\t\t\t\t \t\t\t\t\t \t\t\t\t\t\t <span class=\"pg-group-meta-item pg-group-meta-members\"><span class=\"material-icons\">group<\/span> 3 Members<\/span>\n\t\t\t\t\t                                          \t\t\t\t\t \t\t\t\t <\/div>\n\t\t\t\t \t\t\t <\/div>\n\t\t\t \t\t\t <div class=\"pm-group-button pm-difr\">\n\t\t\t\t <a href=\"https:\/\/allafripreneurs.org\/fr\/registration\/?gid=6\" class=\"pm_button pg-group-button\">Request Access<\/a>\t\t\t <\/div>\n\t\t\t \n\t\t <\/div>\n\t\t\t\t\t\t <div class=\"pg-group-card pg-group-card-list pm-group pm-group-list-view pm-dbfl\">\n\t\t\t \t\t\t <div class=\"pg-group-image pm-group-logo pm-difl\">\n\t\t\t\t \t\t\t\t\t <a href=\"https:\/\/allafripreneurs.org\/fr\/registration\/?gid=5\" class=\"pm-group-image-link\"><img loading=\"lazy\" decoding=\"async\" width=\"150\" height=\"141\" src=\"https:\/\/allafripreneurs.org\/fr\/wp-content\/uploads\/sites\/7\/2026\/03\/support2.jpg\" class=\"pg-group-icon\" alt=\"Chef de groupe de soutien\" \/><\/a>\n\t\t\t\t \t\t\t\t \t\t\t\t\t <span class=\"pg-group-type material-icons\">lock<\/span>\n\t\t\t\t \t\t\t\t \t\t\t <\/div>\n\t\t\t \t\t\t <div class=\"pg-group-content pm-group-name-desc pm-difl\">\n\t\t\t\t <h3 class=\"pg-group-title pm-group-heading pm-pad10 pm-clip\"><a href=\"https:\/\/allafripreneurs.org\/fr\/support-group-leader\/\">Chef de groupe de soutien<\/a><\/h3>\n\t\t\t\t \t\t\t\t\t <p class=\"pg-group-desc pm-group-desc pm-pad10\">Chef de groupe de soutien<\/p>\n\t\t\t\t \t\t\t\t \t\t\t\t <div class=\"pg-group-meta\">\n\t\t\t\t\t \t\t\t\t\t \t\t\t\t\t\t <span class=\"pg-group-meta-item pg-group-meta-members\"><span class=\"material-icons\">group<\/span> 1 Member<\/span>\n\t\t\t\t\t                                                                                           <span class=\"pg-group-meta-item pg-group-meta-manager\"><span class=\"material-icons\">person<\/span> AAE Team<div class=\"pg-user-rating-wrap\">            <div class=\"pg-profile-rating\">\n                <span class=\"pg-profile-reviews-avg\" data-number=\"5\" data-score=\"0\">\n                                    \n                <i class=\"star-off-png\"><\/i>\n                                    \n                <i class=\"star-off-png\"><\/i>\n                                    \n                <i class=\"star-off-png\"><\/i>\n                                    \n                <i class=\"star-off-png\"><\/i>\n                                    \n                <i class=\"star-off-png\"><\/i>\n                                \n                <input name=\"score\" type=\"hidden\" value=\"0\"><\/span>\n            <\/div>\n            <\/div><\/span>\n                                         \t\t\t\t\t \t\t\t\t <\/div>\n\t\t\t\t \t\t\t <\/div>\n\t\t\t \t\t\t <div class=\"pm-group-button pm-difr\">\n\t\t\t\t <a href=\"https:\/\/allafripreneurs.org\/fr\/registration\/?gid=5\" class=\"pm_button pg-group-button\">Request Access<\/a>\t\t\t <\/div>\n\t\t\t \n\t\t <\/div>\n\t\t\t\t\t\t <div class=\"pg-group-card pg-group-card-list pm-group pm-group-list-view pm-dbfl\">\n\t\t\t \t\t\t <div class=\"pg-group-image pm-group-logo pm-difl\">\n\t\t\t\t \t\t\t\t\t <a href=\"https:\/\/allafripreneurs.org\/fr\/registration\/?gid=3\" class=\"pm-group-image-link\"><img loading=\"lazy\" decoding=\"async\" width=\"293\" height=\"293\" src=\"https:\/\/allafripreneurs.org\/fr\/wp-content\/uploads\/sites\/7\/2026\/03\/volunteer-2.png\" class=\"pg-group-icon\" alt=\"B\u00e9n\u00e9vole\" \/><\/a>\n\t\t\t\t \t\t\t\t \t\t\t\t\t <span class=\"pg-group-type material-icons\">lock<\/span>\n\t\t\t\t \t\t\t\t \t\t\t <\/div>\n\t\t\t \t\t\t <div class=\"pg-group-content pm-group-name-desc pm-difl\">\n\t\t\t\t <h3 class=\"pg-group-title pm-group-heading pm-pad10 pm-clip\"><a href=\"https:\/\/allafripreneurs.org\/fr\/volunteers\/\">B\u00e9n\u00e9vole<\/a><\/h3>\n\t\t\t\t \t\t\t\t\t <p class=\"pg-group-desc pm-group-desc pm-pad10\">B\u00e9n\u00e9voles de l&rsquo;AAE en ligne et sur site, autres que les r\u00e9dacteurs<\/p>\n\t\t\t\t \t\t\t\t \t\t\t\t <div class=\"pg-group-meta\">\n\t\t\t\t\t \t\t\t\t\t \t\t\t\t\t\t <span class=\"pg-group-meta-item pg-group-meta-members\"><span class=\"material-icons\">group<\/span> 20 Members<\/span>\n\t\t\t\t\t                                                                                           <span class=\"pg-group-meta-item pg-group-meta-manager\"><span class=\"material-icons\">person<\/span> AAE Team<div class=\"pg-user-rating-wrap\">            <div class=\"pg-profile-rating\">\n                <span class=\"pg-profile-reviews-avg\" data-number=\"5\" data-score=\"0\">\n                                    \n                <i class=\"star-off-png\"><\/i>\n                                    \n                <i class=\"star-off-png\"><\/i>\n                                    \n                <i class=\"star-off-png\"><\/i>\n                                    \n                <i class=\"star-off-png\"><\/i>\n                                    \n                <i class=\"star-off-png\"><\/i>\n                                \n                <input name=\"score\" type=\"hidden\" value=\"0\"><\/span>\n            <\/div>\n            <\/div><\/span>\n                                         \t\t\t\t\t \t\t\t\t <\/div>\n\t\t\t\t \t\t\t <\/div>\n\t\t\t \t\t\t <div class=\"pm-group-button pm-difr\">\n\t\t\t\t <a href=\"https:\/\/allafripreneurs.org\/fr\/registration\/?gid=3\" class=\"pm_button pg-group-button\">Request Access<\/a>\t\t\t <\/div>\n\t\t\t \n\t\t <\/div>\n\t\t\t\t\t <div class=\"pm_clear\"><\/div>\n\t\t<div class=\"pm-groups-pagination\"><\/div><\/div>\n\n  <\/div>\n   <\/div>\n<\/div>\n\n\n\n<h4 class=\"wp-block-heading has-text-align-center\">&nbsp;Programmes<\/h4>\n\n\n\n<figure class=\"wp-block-image alignleft size-full is-resized\"><a href=\"https:\/\/allafripreneurs.org\/fr\/wp-content\/uploads\/sites\/7\/2026\/02\/awareness.jpg\"><img loading=\"lazy\" decoding=\"async\" width=\"221\" height=\"181\" src=\"https:\/\/allafripreneurs.org\/fr\/wp-content\/uploads\/sites\/7\/2026\/02\/awareness.jpg\" alt=\"\" class=\"wp-image-816642\" style=\"width:176px;height:auto\"\/><\/a><\/figure>\n\n\n\n<p><a href=\"https:\/\/allafripreneurs.org\/fr\/reports\/\">Sensibilisation \u00e0 l\u2019environnement<\/a> &nbsp;: L\u2019AAE publie des informations b\u00e9n\u00e9fiques \u00e0 la<br>soci\u00e9t\u00e9 africaine, sous forme d\u2019articles, d\u2019actualit\u00e9s et de reportages b\u00e9n\u00e9voles.<br><\/p>\n\n\n\n<p>Chaque ann\u00e9e, une \u00e9quipe de b\u00e9n\u00e9voles de l\u2019AAE r\u00e9dige des articles et des rapports<br>sur les tendances, d\u00e9fis et opportunit\u00e9s pertinents pour les entrepreneurs africains<br><\/p>\n\n\n\n<figure class=\"wp-block-image alignleft size-full is-resized\"><a href=\"https:\/\/allafripreneurs.org\/fr\/wp-content\/uploads\/sites\/7\/2026\/02\/collaborate_square.jpg\"><img loading=\"lazy\" decoding=\"async\" width=\"194\" height=\"140\" src=\"https:\/\/allafripreneurs.org\/fr\/wp-content\/uploads\/sites\/7\/2026\/02\/collaborate_square.jpg\" alt=\"\" class=\"wp-image-816641\" style=\"aspect-ratio:1.3858880778588807;width:172px;height:auto\"\/><\/a><\/figure>\n\n\n\n<p><strong>Connexions assist\u00e9es <\/strong>&nbsp;:&nbsp;Recherche assist\u00e9e par l\u2019AAE pour des services<br>sp\u00e9cifiques aupr\u00e8s de b\u00e9n\u00e9voles et mentors s\u00e9lectionn\u00e9s au sein du r\u00e9seau AAE.<br>L\u2019AAE facilite les connexions via des projets et des recherches personnalis\u00e9es.<br>L\u2019AAE peut aider dans les premi\u00e8res interactions et \u00e0 la conception de profils clairs<br>de mission et de t\u00e2che.&nbsp; <strong>La Semaine de la Strat\u00e9gie<\/strong>\u2002 est une collaboration en ligne<br>d\u2019une semaine o\u00f9 chercheurs et entrepreneurs utilisent la recherche commerciale<br>pour la planification strat\u00e9gique et la durabilit\u00e9.<\/p>\n\n\n\n<figure class=\"wp-block-embed is-type-video is-provider-youtube wp-block-embed-youtube wp-embed-aspect-16-9 wp-has-aspect-ratio\"><div class=\"wp-block-embed__wrapper\">\n<iframe loading=\"lazy\" title=\"African Asociation of Entrepreneurs\" width=\"500\" height=\"281\" src=\"https:\/\/www.youtube.com\/embed\/DkJrrhdWgeA?feature=oembed\" frameborder=\"0\" allow=\"accelerometer; autoplay; clipboard-write; encrypted-media; gyroscope; picture-in-picture; web-share\" referrerpolicy=\"strict-origin-when-cross-origin\" allowfullscreen><\/iframe>\n<\/div><\/figure>\n\n\n\n<hr class=\"wp-block-separator has-alpha-channel-opacity\"\/>\n","protected":false},"excerpt":{"rendered":"<p>Bienvenue sur le site web de l&rsquo;Association Africaine des Entrepreneurs. La vision de l&rsquo;AAE est de devenir le moteur du [&hellip;]<\/p>\n","protected":false},"author":1,"featured_media":0,"parent":0,"menu_order":0,"comment_status":"closed","ping_status":"closed","template":"","meta":{"site-sidebar-layout":"default","site-content-layout":"","ast-site-content-layout":"default","site-content-style":"default","site-sidebar-style":"default","ast-global-header-display":"","ast-banner-title-visibility":"","ast-main-header-display":"","ast-hfb-above-header-display":"","ast-hfb-below-header-display":"","ast-hfb-mobile-header-display":"","site-post-title":"","ast-breadcrumbs-content":"","ast-featured-img":"","footer-sml-layout":"","ast-disable-related-posts":"","theme-transparent-header-meta":"","adv-header-id-meta":"","stick-header-meta":"","header-above-stick-meta":"","header-main-stick-meta":"","header-below-stick-meta":"","astra-migrate-meta-layouts":"default","ast-page-background-enabled":"default","ast-page-background-meta":{"desktop":{"background-color":"var(--ast-global-color-5)","background-image":"","background-repeat":"repeat","background-position":"center center","background-size":"auto","background-attachment":"scroll","background-type":"","background-media":"","overlay-type":"","overlay-color":"","overlay-opacity":"","overlay-gradient":""},"tablet":{"background-color":"","background-image":"","background-repeat":"repeat","background-position":"center center","background-size":"auto","background-attachment":"scroll","background-type":"","background-media":"","overlay-type":"","overlay-color":"","overlay-opacity":"","overlay-gradient":""},"mobile":{"background-color":"","background-image":"","background-repeat":"repeat","background-position":"center center","background-size":"auto","background-attachment":"scroll","background-type":"","background-media":"","overlay-type":"","overlay-color":"","overlay-opacity":"","overlay-gradient":""}},"ast-content-background-meta":{"desktop":{"background-color":"var(--ast-global-color-4)","background-image":"","background-repeat":"repeat","background-position":"center center","background-size":"auto","background-attachment":"scroll","background-type":"","background-media":"","overlay-type":"","overlay-color":"","overlay-opacity":"","overlay-gradient":""},"tablet":{"background-color":"var(--ast-global-color-4)","background-image":"","background-repeat":"repeat","background-position":"center center","background-size":"auto","background-attachment":"scroll","background-type":"","background-media":"","overlay-type":"","overlay-color":"","overlay-opacity":"","overlay-gradient":""},"mobile":{"background-color":"var(--ast-global-color-4)","background-image":"","background-repeat":"repeat","background-position":"center center","background-size":"auto","background-attachment":"scroll","background-type":"","background-media":"","overlay-type":"","overlay-color":"","overlay-opacity":"","overlay-gradient":""}},"footnotes":""},"class_list":["post-22754","page","type-page","status-publish","hentry"],"yoast_head":"<!-- This site is optimized with the Yoast SEO plugin v27.4 - https:\/\/yoast.com\/product\/yoast-seo-wordpress\/ -->\n<title>Home - AllAfripreneurs.org French<\/title>\n<meta name=\"robots\" content=\"index, follow, max-snippet:-1, max-image-preview:large, max-video-preview:-1\" \/>\n<link rel=\"canonical\" href=\"https:\/\/allafripreneurs.org\/fr\/\" \/>\n<meta property=\"og:locale\" content=\"fr_FR\" \/>\n<meta property=\"og:type\" content=\"article\" \/>\n<meta property=\"og:title\" content=\"Home - AllAfripreneurs.org French\" \/>\n<meta property=\"og:description\" content=\"Bienvenue sur le site web de l&rsquo;Association Africaine des Entrepreneurs. La vision de l&rsquo;AAE est de devenir le moteur du [&hellip;]\" \/>\n<meta property=\"og:url\" content=\"https:\/\/allafripreneurs.org\/fr\/\" \/>\n<meta property=\"og:site_name\" content=\"AllAfripreneurs.org French\" \/>\n<meta property=\"article:modified_time\" content=\"2026-03-04T13:43:08+00:00\" \/>\n<meta property=\"og:image\" content=\"https:\/\/allafripreneurs.org\/fr\/wp-content\/uploads\/sites\/7\/2026\/02\/awareness.jpg\" \/>\n<meta name=\"twitter:card\" content=\"summary_large_image\" \/>\n<meta name=\"twitter:label1\" content=\"Dur\u00e9e de lecture estim\u00e9e\" \/>\n\t<meta name=\"twitter:data1\" content=\"2 minutes\" \/>\n<script type=\"application\/ld+json\" class=\"yoast-schema-graph\">{\"@context\":\"https:\\\/\\\/schema.org\",\"@graph\":[{\"@type\":\"WebPage\",\"@id\":\"https:\\\/\\\/allafripreneurs.org\\\/fr\\\/\",\"url\":\"https:\\\/\\\/allafripreneurs.org\\\/fr\\\/\",\"name\":\"Home - AllAfripreneurs.org French\",\"isPartOf\":{\"@id\":\"https:\\\/\\\/allafripreneurs.org\\\/fr\\\/#website\"},\"primaryImageOfPage\":{\"@id\":\"https:\\\/\\\/allafripreneurs.org\\\/fr\\\/#primaryimage\"},\"image\":{\"@id\":\"https:\\\/\\\/allafripreneurs.org\\\/fr\\\/#primaryimage\"},\"thumbnailUrl\":\"https:\\\/\\\/allafripreneurs.org\\\/fr\\\/wp-content\\\/uploads\\\/sites\\\/7\\\/2026\\\/02\\\/awareness.jpg\",\"datePublished\":\"2016-06-04T15:39:39+00:00\",\"dateModified\":\"2026-03-04T13:43:08+00:00\",\"breadcrumb\":{\"@id\":\"https:\\\/\\\/allafripreneurs.org\\\/fr\\\/#breadcrumb\"},\"inLanguage\":\"fr-FR\",\"potentialAction\":[{\"@type\":\"ReadAction\",\"target\":[\"https:\\\/\\\/allafripreneurs.org\\\/fr\\\/\"]}]},{\"@type\":\"ImageObject\",\"inLanguage\":\"fr-FR\",\"@id\":\"https:\\\/\\\/allafripreneurs.org\\\/fr\\\/#primaryimage\",\"url\":\"https:\\\/\\\/allafripreneurs.org\\\/fr\\\/wp-content\\\/uploads\\\/sites\\\/7\\\/2026\\\/02\\\/awareness.jpg\",\"contentUrl\":\"https:\\\/\\\/allafripreneurs.org\\\/fr\\\/wp-content\\\/uploads\\\/sites\\\/7\\\/2026\\\/02\\\/awareness.jpg\",\"width\":221,\"height\":181},{\"@type\":\"BreadcrumbList\",\"@id\":\"https:\\\/\\\/allafripreneurs.org\\\/fr\\\/#breadcrumb\",\"itemListElement\":[{\"@type\":\"ListItem\",\"position\":1,\"name\":\"Home\",\"item\":\"https:\\\/\\\/allafripreneurs.org\\\/fr\\\/\"},{\"@type\":\"ListItem\",\"position\":2,\"name\":\"Home\"}]},{\"@type\":\"WebSite\",\"@id\":\"https:\\\/\\\/allafripreneurs.org\\\/fr\\\/#website\",\"url\":\"https:\\\/\\\/allafripreneurs.org\\\/fr\\\/\",\"name\":\"AllAfripreneurs.org French\",\"description\":\"Environmental awareness  and collaborative support\",\"publisher\":{\"@id\":\"https:\\\/\\\/allafripreneurs.org\\\/fr\\\/#organization\"},\"potentialAction\":[{\"@type\":\"SearchAction\",\"target\":{\"@type\":\"EntryPoint\",\"urlTemplate\":\"https:\\\/\\\/allafripreneurs.org\\\/fr\\\/?s={search_term_string}\"},\"query-input\":{\"@type\":\"PropertyValueSpecification\",\"valueRequired\":true,\"valueName\":\"search_term_string\"}}],\"inLanguage\":\"fr-FR\"},{\"@type\":\"Organization\",\"@id\":\"https:\\\/\\\/allafripreneurs.org\\\/fr\\\/#organization\",\"name\":\"AllAfripreneurs.org French\",\"url\":\"https:\\\/\\\/allafripreneurs.org\\\/fr\\\/\",\"logo\":{\"@type\":\"ImageObject\",\"inLanguage\":\"fr-FR\",\"@id\":\"https:\\\/\\\/allafripreneurs.org\\\/fr\\\/#\\\/schema\\\/logo\\\/image\\\/\",\"url\":\"https:\\\/\\\/allafripreneurs.org\\\/fr\\\/wp-content\\\/uploads\\\/sites\\\/7\\\/2026\\\/03\\\/allafripreneursFR-1.png\",\"contentUrl\":\"https:\\\/\\\/allafripreneurs.org\\\/fr\\\/wp-content\\\/uploads\\\/sites\\\/7\\\/2026\\\/03\\\/allafripreneursFR-1.png\",\"width\":455,\"height\":80,\"caption\":\"AllAfripreneurs.org French\"},\"image\":{\"@id\":\"https:\\\/\\\/allafripreneurs.org\\\/fr\\\/#\\\/schema\\\/logo\\\/image\\\/\"}}]}<\/script>\n<!-- \/ Yoast SEO plugin. -->","yoast_head_json":{"title":"Home - AllAfripreneurs.org French","robots":{"index":"index","follow":"follow","max-snippet":"max-snippet:-1","max-image-preview":"max-image-preview:large","max-video-preview":"max-video-preview:-1"},"canonical":"https:\/\/allafripreneurs.org\/fr\/","og_locale":"fr_FR","og_type":"article","og_title":"Home - AllAfripreneurs.org French","og_description":"Bienvenue sur le site web de l&rsquo;Association Africaine des Entrepreneurs. La vision de l&rsquo;AAE est de devenir le moteur du [&hellip;]","og_url":"https:\/\/allafripreneurs.org\/fr\/","og_site_name":"AllAfripreneurs.org French","article_modified_time":"2026-03-04T13:43:08+00:00","og_image":[{"url":"https:\/\/allafripreneurs.org\/fr\/wp-content\/uploads\/sites\/7\/2026\/02\/awareness.jpg","type":"","width":"","height":""}],"twitter_card":"summary_large_image","twitter_misc":{"Dur\u00e9e de lecture estim\u00e9e":"2 minutes"},"schema":{"@context":"https:\/\/schema.org","@graph":[{"@type":"WebPage","@id":"https:\/\/allafripreneurs.org\/fr\/","url":"https:\/\/allafripreneurs.org\/fr\/","name":"Home - AllAfripreneurs.org French","isPartOf":{"@id":"https:\/\/allafripreneurs.org\/fr\/#website"},"primaryImageOfPage":{"@id":"https:\/\/allafripreneurs.org\/fr\/#primaryimage"},"image":{"@id":"https:\/\/allafripreneurs.org\/fr\/#primaryimage"},"thumbnailUrl":"https:\/\/allafripreneurs.org\/fr\/wp-content\/uploads\/sites\/7\/2026\/02\/awareness.jpg","datePublished":"2016-06-04T15:39:39+00:00","dateModified":"2026-03-04T13:43:08+00:00","breadcrumb":{"@id":"https:\/\/allafripreneurs.org\/fr\/#breadcrumb"},"inLanguage":"fr-FR","potentialAction":[{"@type":"ReadAction","target":["https:\/\/allafripreneurs.org\/fr\/"]}]},{"@type":"ImageObject","inLanguage":"fr-FR","@id":"https:\/\/allafripreneurs.org\/fr\/#primaryimage","url":"https:\/\/allafripreneurs.org\/fr\/wp-content\/uploads\/sites\/7\/2026\/02\/awareness.jpg","contentUrl":"https:\/\/allafripreneurs.org\/fr\/wp-content\/uploads\/sites\/7\/2026\/02\/awareness.jpg","width":221,"height":181},{"@type":"BreadcrumbList","@id":"https:\/\/allafripreneurs.org\/fr\/#breadcrumb","itemListElement":[{"@type":"ListItem","position":1,"name":"Home","item":"https:\/\/allafripreneurs.org\/fr\/"},{"@type":"ListItem","position":2,"name":"Home"}]},{"@type":"WebSite","@id":"https:\/\/allafripreneurs.org\/fr\/#website","url":"https:\/\/allafripreneurs.org\/fr\/","name":"AllAfripreneurs.org French","description":"Environmental awareness  and collaborative support","publisher":{"@id":"https:\/\/allafripreneurs.org\/fr\/#organization"},"potentialAction":[{"@type":"SearchAction","target":{"@type":"EntryPoint","urlTemplate":"https:\/\/allafripreneurs.org\/fr\/?s={search_term_string}"},"query-input":{"@type":"PropertyValueSpecification","valueRequired":true,"valueName":"search_term_string"}}],"inLanguage":"fr-FR"},{"@type":"Organization","@id":"https:\/\/allafripreneurs.org\/fr\/#organization","name":"AllAfripreneurs.org French","url":"https:\/\/allafripreneurs.org\/fr\/","logo":{"@type":"ImageObject","inLanguage":"fr-FR","@id":"https:\/\/allafripreneurs.org\/fr\/#\/schema\/logo\/image\/","url":"https:\/\/allafripreneurs.org\/fr\/wp-content\/uploads\/sites\/7\/2026\/03\/allafripreneursFR-1.png","contentUrl":"https:\/\/allafripreneurs.org\/fr\/wp-content\/uploads\/sites\/7\/2026\/03\/allafripreneursFR-1.png","width":455,"height":80,"caption":"AllAfripreneurs.org French"},"image":{"@id":"https:\/\/allafripreneurs.org\/fr\/#\/schema\/logo\/image\/"}}]}},"_links":{"self":[{"href":"https:\/\/allafripreneurs.org\/fr\/wp-json\/wp\/v2\/pages\/22754","targetHints":{"allow":["GET"]}}],"collection":[{"href":"https:\/\/allafripreneurs.org\/fr\/wp-json\/wp\/v2\/pages"}],"about":[{"href":"https:\/\/allafripreneurs.org\/fr\/wp-json\/wp\/v2\/types\/page"}],"author":[{"embeddable":true,"href":"https:\/\/allafripreneurs.org\/fr\/wp-json\/wp\/v2\/users\/1"}],"replies":[{"embeddable":true,"href":"https:\/\/allafripreneurs.org\/fr\/wp-json\/wp\/v2\/comments?post=22754"}],"version-history":[{"count":7,"href":"https:\/\/allafripreneurs.org\/fr\/wp-json\/wp\/v2\/pages\/22754\/revisions"}],"predecessor-version":[{"id":816711,"href":"https:\/\/allafripreneurs.org\/fr\/wp-json\/wp\/v2\/pages\/22754\/revisions\/816711"}],"wp:attachment":[{"href":"https:\/\/allafripreneurs.org\/fr\/wp-json\/wp\/v2\/media?parent=22754"}],"curies":[{"name":"wp","href":"https:\/\/api.w.org\/{rel}","templated":true}]}}